{"id":2,"date":"2025-06-12T18:41:53","date_gmt":"2025-06-12T16:41:53","guid":{"rendered":"http:\/\/www.changeadvice.de\/wordpress\/?page_id=2"},"modified":"2025-06-23T16:36:30","modified_gmt":"2025-06-23T14:36:30","slug":"beispiel-seite","status":"publish","type":"page","link":"https:\/\/www.changeadvice.de\/wordpress\/beispiel-seite\/","title":{"rendered":"Impressum"},"content":{"rendered":"\n<p><strong>Betreiber der Seit<\/strong>e<\/p>\n\n\n\n<p><strong>Adresse:<\/strong><\/p>\n\n\n\n<p>ChangeAdvice<\/p>\n\n\n\n<p>Michael Skerat<\/p>\n\n\n\n<p>Von-Recklinghausen-Stra\u00dfe 16<\/p>\n\n\n\n<p>33332 G\u00fctersloh<\/p>\n\n\n\n<p>Fon +49 5241 1799134<br>Fax +49 5241 1799135<br>E-Mail:&nbsp;<a href=\"mailto:m.skerat@changeadvice.de\">m.skerat@changeadvice.de<\/a><\/p>\n\n\n\n<p>www.changeadvice.de<\/p>\n\n\n\n<p><strong>Disclaimer<\/strong><\/p>\n\n\n\n<p><strong>Haftung f\u00fcr Inhalte<\/strong><strong><br><\/strong>Als Diensteanbieter sind wir gem\u00e4\u00df \u00a7 7 Abs.1 TMG f\u00fcr eigene Inhalte auf diesen Seiten nach den allgemeinen Gesetzen verantwortlich. Nach \u00a7\u00a7 8 bis 10 TMG sind wir als Diensteanbieter jedoch nicht verpflichtet, \u00fcbermittelte oder gespeicherte fremde Informationen zu \u00fcberwachen oder nach Umst\u00e4nden zu forschen, die auf eine rechtswidrige T\u00e4tigkeit hinweisen. Verpflichtungen zur Entfernung oder Sperrung der Nutzung von Informationen nach den allgemeinen Gesetzen bleiben hiervon unber\u00fchrt. Eine diesbez\u00fcgliche Haftung ist jedoch erst ab dem Zeitpunkt der Kenntnis einer konkreten Rechtsverletzung m\u00f6glich. Bei Bekanntwerden von entsprechenden Rechtsverletzungen werden wir diese Inhalte umgehend entfernen.<br><br><strong>Haftung f\u00fcr Links<\/strong>Unser Angebot enth\u00e4lt Links zu externen Webseiten Dritter, auf deren Inhalte wir keinen Einfluss haben. Deshalb k\u00f6nnen wir f\u00fcr diese fremden Inhalte auch keine Gew\u00e4hr \u00fcbernehmen. F\u00fcr die Inhalte der verlinkten Seiten ist stets der jeweilige Anbieter oder Betreiber der Seiten verantwortlich. Die verlinkten Seiten wurden zum Zeitpunkt der Verlinkung auf m\u00f6gliche Rechtsverst\u00f6\u00dfe \u00fcberpr\u00fcft. Rechtswidrige Inhalte waren zum Zeitpunkt der Verlinkung nicht erkennbar. Eine permanente inhaltliche Kontrolle der verlinkten Seiten ist jedoch ohne konkrete Anhaltspunkte einer Rechtsverletzung nicht zumutbar. Bei Bekanntwerden von Rechtsverletzungen werden wir derartige Links umgehend entfernen.<br><br><strong>Urheberrecht<\/strong><strong>&nbsp;<\/strong><strong><br><\/strong>Die durch die Seitenbetreiber erstellten Inhalte und Werke auf diesen Seiten unterliegen dem deutschen Urheberrecht. Die Vervielf\u00e4ltigung, Bearbeitung, Verbreitung und jede Art der Verwertung au\u00dferhalb der Grenzen des Urheberrechtes bed\u00fcrfen der schriftlichen Zustimmung des jeweiligen Autors bzw. Erstellers. Downloads und Kopien dieser Seite sind nur f\u00fcr den privaten, nicht kommerziellen Gebrauch gestattet. Soweit die Inhalte auf dieser Seite nicht vom Betreiber erstellt wurden, werden die Urheberrechte Dritter beachtet. Insbesondere werden Inhalte Dritter als solche gekennzeichnet. Sollten Sie trotzdem auf eine Urheberrechtsverletzung aufmerksam werden, bitten wir um einen entsprechenden Hinweis. Bei Bekanntwerden von Rechtsverletzungen werden wir derartige Inhalte umgehend entfernen.<br>Quelle: e-recht24.de<br><br><strong>Privacy Policy<\/strong><br><br><strong>Grundlegendes<\/strong>Diese Datenschutzerkl\u00e4rung soll die Nutzer der Website www.changeadvice.de \u00fcber die Art, den Umfang und den Zweck der Erhebung und Verwendung personenbezogener Daten durch die Websitebetreiber informieren. Wir nehmen Ihren Datenschutz sehr ernst und behandeln Ihre personenbezogenen Daten vertraulich und entsprechend der gesetzlichen Vorschriften. Da durch neue Technologien und die st\u00e4ndige Weiterentwicklung dieser Webseite \u00c4nderungen an dieser Datenschutzerkl\u00e4rung vorgenommen werden k\u00f6nnen, empfehlen wir Ihnen, sich die Datenschutzerkl\u00e4rung in regelm\u00e4\u00dfigen Abst\u00e4nden wieder durchzulesen. Definitionen der verwendeten Begriffe (z.B. \u201cpersonenbezogene Daten\u201d oder \u201cVerarbeitung\u201d) finden Sie in Art. 4 DSGVO.<br><br><strong>SSL-Verschl\u00fcsselung<\/strong>Diese Seite nutzt aus Sicherheitsgr\u00fcnden und zum Schutz der \u00dcbertragung vertraulicher Inhalte, wie zum Beispiel Anfragen \u00fcber das Kontaktformular, die Sie an uns als Seitenbetreiber senden, eine SSL-Verschl\u00fcsselung. Eine verschl\u00fcsselte Verbindung erkennen Sie daran, dass die Adresszeile des Browsers von \u201chttp:\/\/\u201d auf \u201chttps:\/\/\u201d wechselt und an dem Schloss-Symbol in Ihrer Browserzeile. Wenn die SSL-Verschl\u00fcsselung aktiviert ist, k\u00f6nnen die Daten, die Sie an mich \u00fcbermitteln, nicht von Dritten mitgelesen werden.<br><br><strong>Zugriffsdaten<\/strong><strong>&nbsp;<\/strong><strong><br><\/strong>Die Websitebetreiber erheben aufgrund ihres berechtigten Interesses (s. Art. 6 Abs. 1 lit. f. DSGVO) Daten \u00fcber Zugriffe auf die Website und speichert diese als \u201eServer-Logfiles\u201c auf dem Server der Website ab. Folgende Daten werden so protokolliert:<br>\u2022 Besuchte Website<br>\u2022 Uhrzeit zum Zeitpunkt des Zugriffes<br>\u2022 Menge der gesendeten Daten in Byte<br>\u2022 Quelle\/Verweis, von welchem Sie auf die Seite gelangten<br>\u2022 Verwendeter Browser<br>\u2022 Verwendetes Betriebssystem<br>\u2022 Verwendete IP-Adresse<br><br>Die Server-Logfiles werden f\u00fcr maximal 7 Tage gespeichert und anschlie\u00dfend gel\u00f6scht. Die Speicherung der Daten erfolgt aus Sicherheitsgr\u00fcnden, um z. B. Missbrauchsf\u00e4lle aufkl\u00e4ren zu k\u00f6nnen. M\u00fcssen Daten aus Beweisgr\u00fcnden aufgehoben werden, sind sie so lange von der L\u00f6schung ausgenommen bis der Vorfall endg\u00fcltig gekl\u00e4rt ist.<br><br><strong>Reichweitenmessung und Cookies<\/strong><strong>&nbsp;<\/strong><strong><br><\/strong>Diese Website verwendet Cookies zur pseudonymisierten Reichweitenmessung, die entweder von unserem Server oder dem Server Dritter an den Browser des Nutzers \u00fcbertragen werden. Bei Cookies handelt es sich um kleine Dateien, welche auf Ihrem Endger\u00e4t gespeichert werden. Ihr Browser greift auf diese Dateien zu. Durch den Einsatz von Cookies erh\u00f6ht sich die Benutzerfreundlichkeit und Sicherheit dieser Website. Falls Sie nicht m\u00f6chten, dass Cookies zur Reichweitenmessung auf Ihrem Endger\u00e4t gespeichert werden, k\u00f6nnen Sie dem Einsatz dieser Dateien hier widersprechen:<br>\u2022 Cookie-Deaktivierungsseite der Netzwerkwerbeinitiative: http:\/\/optout.networkadvertising.org\/?c=1#!\/&nbsp;<br>\u2022 Cookie-Deaktivierungsseite der US-amerikanischen Website: http:\/\/optout.aboutads.info\/?c=2#!\/&nbsp;<br>\u2022 Cookie-Deaktivierungsseite der europ\u00e4ischen Website: http:\/\/optout.networkadvertising.org\/?c=1#!\/&nbsp;<br><br>G\u00e4ngige Browser bieten die Einstellungsoption, Cookies nicht zuzulassen. Hinweis: Es ist nicht gew\u00e4hrleistet, dass Sie auf alle Funktionen dieser Website ohne Einschr\u00e4nkungen zugreifen k\u00f6nnen, wenn Sie entsprechende Einstellungen vornehmen.<br><br><strong>Erfassung und Verarbeitung personenbezogener Daten<\/strong><br>Die Websitebetreiber erheben, nutzen und geben Ihre personenbezogenen Daten nur dann weiter, wenn dies im gesetzlichen Rahmen erlaubt ist oder Sie in die Datenerhebung einwilligen. Als personenbezogene Daten gelten s\u00e4mtliche Informationen, welche dazu dienen, Ihre Person zu bestimmen und welche zu Ihnen zur\u00fcckverfolgt werden k\u00f6nnen \u2013 also beispielsweise Ihr Name, Ihre E-Mail-Adresse und Telefonnummer. Diese Website k\u00f6nnen Sie auch besuchen, ohne Angaben zu Ihrer Person zu machen. Zur Verbesserung unseres Online-Angebotes speichern wir jedoch (ohne Personenbezug) Ihre Zugriffsdaten auf diese Website. Zu diesen Zugriffsdaten geh\u00f6ren z. B. die von Ihnen angeforderte Datei oder der Name Ihres Internet-Providers. Durch die Anonymisierung der Daten sind R\u00fcckschl\u00fcsse auf Ihre Person nicht m\u00f6glich. Wir verarbeiten personenbezogene Daten wie Vorname, Nachname, IP-Adresse, E-Mail-Adresse, Wohnort, Postleitzahl und Inhaltsangaben aus dem Kontaktformular. Wir verarbeiten personenbezogene Daten nur nach ausdr\u00fccklicher Erlaubnis der betreffenden Nutzer und unter Einhaltung der geltenden Datenschutzbestimmungen. Die Verarbeitung der personenbezogenen Daten erfolgt aufgrund unseres berechtigten Interesses zur Erf\u00fcllung unserer vertraglich vereinbarten Leistungen und zur Optimierung unseres Online-Angebotes.<br><br><strong>Umgang mit Kontaktdaten<\/strong>Nehmen Sie mit uns als Websitebetreiber durch die angebotenen Kontaktm\u00f6glichkeiten Verbindung auf, werden Ihre Angaben gespeichert, damit auf diese zur Bearbeitung und Beantwortung Ihrer Anfrage zur\u00fcckgegriffen werden kann. Ohne Ihre Einwilligung werden diese Daten nicht an Dritte weitergegeben.<br><br><strong>Rechte des Nutzers<\/strong><br>Sie haben als Nutzer das Recht, auf Antrag eine kostenlose Auskunft dar\u00fcber zu erhalten, welche personenbezogenen Daten \u00fcber Sie gespeichert wurden. Sie haben au\u00dferdem das Recht auf Berichtigung falscher Daten und auf die Verarbeitungseinschr\u00e4nkung oder L\u00f6schung Ihrer personenbezogenen Daten. Falls zutreffend, k\u00f6nnen Sie auch Ihr Recht auf Daten Portabilit\u00e4t geltend machen. Sollten Sie annehmen, dass Ihre Daten unrechtm\u00e4\u00dfig verarbeitet wurden, k\u00f6nnen Sie eine Beschwerde bei der zust\u00e4ndigen Aufsichtsbeh\u00f6rde einreichen.<br><br><strong>L\u00f6schung von Daten<\/strong>Sofern Ihr Wunsch nicht mit einer gesetzlichen Pflicht zur Aufbewahrung von Daten (z. B. Vorratsdatenspeicherung) kollidiert, haben Sie ein Anrecht auf L\u00f6schung Ihrer Daten. Von uns gespeicherte Daten werden, sollten sie f\u00fcr ihre Zweckbestimmung nicht mehr vonn\u00f6ten sein und es keine gesetzlichen Aufbewahrungsfristen geben, gel\u00f6scht. Falls eine L\u00f6schung nicht durchgef\u00fchrt werden kann, da die Daten f\u00fcr zul\u00e4ssige gesetzliche Zwecke erforderlich sind, erfolgt eine Einschr\u00e4nkung der Datenverarbeitung. In diesem Fall werden die Daten gesperrt und nicht f\u00fcr andere Zwecke verarbeitet.<br><br><strong>Widerspruchsrecht<\/strong>Nutzer dieser Webseite k\u00f6nnen von ihrem Widerspruchsrecht Gebrauch machen und der Verarbeitung ihrer personenbezogenen Daten zu jeder Zeit widersprechen. Wenn Sie eine Berichtigung, Sperrung, L\u00f6schung oder Auskunft \u00fcber die zu Ihrer Person gespeicherten personenbezogenen Daten w\u00fcnschen oder Fragen bzgl. der Erhebung, Verarbeitung oder Verwendung Ihrer personenbezogenen Daten haben oder erteilte Einwilligungen widerrufen m\u00f6chten, wenden Sie sich bitte an folgende E-Mail-Adresse:m.skerat@changeadvice.de<br>Stand: 01. Juli 2025 \u2013 Quelle: Datenschutz.org<\/p>\n","protected":false},"excerpt":{"rendered":"<p>Betreiber der Seite Adresse: ChangeAdvice Michael Skerat Von-Recklinghausen-Stra\u00dfe 16 33332 G\u00fctersloh Fon +49 5241 1799134Fax +49 5241 1799135E-Mail:&nbsp;m.skerat@changeadvice.de www.changeadvice.de Disclaimer Haftung f\u00fcr InhalteAls Diensteanbieter sind wir gem\u00e4\u00df \u00a7 7 Abs.1 TMG f\u00fcr eigene Inhalte auf diesen Seiten nach den allgemeinen Gesetzen verantwortlich. Nach \u00a7\u00a7 8 bis 10 TMG sind wir als Diensteanbieter jedoch nicht verpflichtet, [&hellip;]<\/p>\n","protected":false},"author":1,"featured_media":0,"parent":0,"menu_order":0,"comment_status":"closed","ping_status":"open","template":"","meta":{"footnotes":""},"class_list":["post-2","page","type-page","status-publish","hentry"],"_links":{"self":[{"href":"https:\/\/www.changeadvice.de\/wordpress\/wp-json\/wp\/v2\/pages\/2","targetHints":{"allow":["GET"]}}],"collection":[{"href":"https:\/\/www.changeadvice.de\/wordpress\/wp-json\/wp\/v2\/pages"}],"about":[{"href":"https:\/\/www.changeadvice.de\/wordpress\/wp-json\/wp\/v2\/types\/page"}],"author":[{"embeddable":true,"href":"https:\/\/www.changeadvice.de\/wordpress\/wp-json\/wp\/v2\/users\/1"}],"replies":[{"embeddable":true,"href":"https:\/\/www.changeadvice.de\/wordpress\/wp-json\/wp\/v2\/comments?post=2"}],"version-history":[{"count":2,"href":"https:\/\/www.changeadvice.de\/wordpress\/wp-json\/wp\/v2\/pages\/2\/revisions"}],"predecessor-version":[{"id":88,"href":"https:\/\/www.changeadvice.de\/wordpress\/wp-json\/wp\/v2\/pages\/2\/revisions\/88"}],"wp:attachment":[{"href":"https:\/\/www.changeadvice.de\/wordpress\/wp-json\/wp\/v2\/media?parent=2"}],"curies":[{"name":"wp","href":"https:\/\/api.w.org\/{rel}","templated":true}]}}